{"id":133,"date":"2019-07-02T15:58:38","date_gmt":"2019-07-02T13:58:38","guid":{"rendered":"http:\/\/limousin-business.fr\/?page_id=133"},"modified":"2019-07-09T14:58:39","modified_gmt":"2019-07-09T12:58:39","slug":"mentions-legales","status":"publish","type":"page","link":"https:\/\/limousin-business.fr\/index.php\/mentions-legales\/","title":{"rendered":"Mentions l\u00e9gales"},"content":{"rendered":"\n<p>Ce site est \u00e9dit\u00e9 par&nbsp;<strong>Limousin Business\n+ &nbsp;<\/strong>\u2013 J\u00e9r\u00f4me Debord<\/p>\n\n\n\n<p><br>\nLimoges&nbsp;\u2013 <a href=\"mailto:jerome.debord@limousin-business.fr\">jerome.debord@limousin-business.fr<\/a> &nbsp;\u2013&nbsp;t\u00e9l :&nbsp;06 74 68 71 42 <\/p>\n\n\n\n<p>Statut de micro-entreprise<br>Code&nbsp;Ape&nbsp;:&nbsp;8299Z<\/p>\n\n\n\n<p>N\u00b0&nbsp;Siret&nbsp;:&nbsp;849 827 100 00017<br><br>Site h\u00e9berg\u00e9 chez&nbsp;OVH<\/p>\n\n\n\n<p>Limousin Business +&nbsp;est une marque d\u00e9pos\u00e9e<br>\n<br>\n<\/p>\n\n\n\n<h2 class=\"wp-block-heading\">Contenu \u00e9ditorial<\/h2>\n\n\n\n<p>J\u00e9r\u00f4me&nbsp;Debord&nbsp;est le directeur de la publication.&nbsp;L\u2019ensemble du contenu constitue une \u0153uvre prot\u00e9g\u00e9e par les Conventions Internationales et les lois en vigueur sur la propri\u00e9t\u00e9 intellectuelle et notamment le droit d\u2019auteur, la concurrence d\u00e9loyale et les marques d\u00e9pos\u00e9es.&nbsp;Aucune reproduction ou repr\u00e9sentation ne peut avoir lieu sans le consentement pr\u00e9alable et \u00e9crit de la soci\u00e9t\u00e9&nbsp;Limousin Business +.<br>Des erreurs peuvent survenir dans la r\u00e9daction du texte ou lors de la mise \u00e0 jour de documents.&nbsp;La responsabilit\u00e9 de&nbsp;Limousin Business +&nbsp;ou de J\u00e9r\u00f4me&nbsp;Debord&nbsp;ne pourra \u00eatre engag\u00e9e en raison d\u2019\u00e9ventuelles erreurs.<br> <br> <\/p>\n\n\n\n<h2 class=\"wp-block-heading\">Protection de la vie priv\u00e9e<\/h2>\n\n\n\n<p>Les informations\nenregistr\u00e9es sont r\u00e9serv\u00e9es \u00e0 l\u2019usage de&nbsp;Limousin Business +&nbsp;et ne\npeuvent \u00eatre communiqu\u00e9es \u00e0 des personnes et\/ou soci\u00e9t\u00e9s ext\u00e9rieures.<br>\nConform\u00e9ment aux articles 39 et suivants de la loi n\u00b0 78-17 du 6 janvier\n1978&nbsp;modifi\u00e9e&nbsp;en 2004&nbsp;relative&nbsp;\u00e0 l\u2019informatique, aux\nfichiers et aux libert\u00e9s, toute personne peut obtenir communication et, le cas\n\u00e9ch\u00e9ant, rectification ou suppression des informations la concernant, en\ns\u2019adressant par courriel \u00e0 l\u2019adresse <a href=\"mailto:jerome.debord@limousin-business.fr\">jerome.debord@limousin-business.fr<\/a> .<br>\n<br>\n<\/p>\n\n\n\n<h2 class=\"wp-block-heading\">Cr\u00e9dits&nbsp;<\/h2>\n\n\n\n<p>Cr\u00e9dits pour le site de Limousin Business, l&rsquo;int\u00e9gration et le d\u00e9veloppement (utilisant le th\u00e8me gratuit OnePress de WordPress)&nbsp;: <a rel=\"noreferrer noopener\" aria-label=\"Fanny Gayaudon (s\u2019ouvre dans un nouvel onglet)\" href=\"https:\/\/www.linkedin.com\/in\/fannygayaudon\/\" target=\"_blank\">Fanny Gayaudon<\/a><br>Cr\u00e9dits pour le logo et la charte graphique : <a href=\"http:\/\/www.amandine-barry.com\/\" target=\"_blank\" rel=\"noreferrer noopener\" aria-label=\"Amandine Barry (s\u2019ouvre dans un nouvel onglet)\">Amandine Barry<\/a><br>Cr\u00e9dits pour l&rsquo;int\u00e9gralit\u00e9 des contenus r\u00e9dactionnels : J\u00e9r\u00f4me Debord<\/p>\n\n\n\n<p><\/p>\n","protected":false},"excerpt":{"rendered":"<p>Ce site est \u00e9dit\u00e9 par&nbsp;Limousin Business + &nbsp;\u2013 J\u00e9r\u00f4me Debord Limoges&nbsp;\u2013 jerome.debord@limousin-business.fr &nbsp;\u2013&nbsp;t\u00e9l :&nbsp;06 74 68 71 42 Statut de micro-entrepriseCode&nbsp;Ape&nbsp;:&nbsp;8299Z N\u00b0&nbsp;Siret&nbsp;:&nbsp;849 827 100 00017 Site h\u00e9berg\u00e9 chez&nbsp;OVH Limousin Business &#8230;<\/p>\n","protected":false},"author":3,"featured_media":0,"parent":0,"menu_order":0,"comment_status":"closed","ping_status":"closed","template":"template-fullwidth.php","meta":{"_monsterinsights_skip_tracking":false,"_monsterinsights_sitenote_active":false,"_monsterinsights_sitenote_note":"","_monsterinsights_sitenote_category":0,"footnotes":""},"class_list":["post-133","page","type-page","status-publish","hentry"],"yoast_head":"<!-- This site is optimized with the Yoast SEO plugin v27.4 - https:\/\/yoast.com\/product\/yoast-seo-wordpress\/ -->\n<title>Mentions l\u00e9gales - Limousin Business +<\/title>\n<meta name=\"robots\" content=\"index, follow, max-snippet:-1, max-image-preview:large, max-video-preview:-1\" \/>\n<link rel=\"canonical\" href=\"https:\/\/limousin-business.fr\/index.php\/mentions-legales\/\" \/>\n<meta property=\"og:locale\" content=\"fr_FR\" \/>\n<meta property=\"og:type\" content=\"article\" \/>\n<meta property=\"og:title\" content=\"Mentions l\u00e9gales - Limousin Business +\" \/>\n<meta property=\"og:description\" content=\"Ce site est \u00e9dit\u00e9 par&nbsp;Limousin Business + &nbsp;\u2013 J\u00e9r\u00f4me Debord Limoges&nbsp;\u2013 jerome.debord@limousin-business.fr &nbsp;\u2013&nbsp;t\u00e9l :&nbsp;06 74 68 71 42 Statut de micro-entrepriseCode&nbsp;Ape&nbsp;:&nbsp;8299Z N\u00b0&nbsp;Siret&nbsp;:&nbsp;849 827 100 00017 Site h\u00e9berg\u00e9 chez&nbsp;OVH Limousin Business ...\" \/>\n<meta property=\"og:url\" content=\"https:\/\/limousin-business.fr\/index.php\/mentions-legales\/\" \/>\n<meta property=\"og:site_name\" content=\"Limousin Business +\" \/>\n<meta property=\"article:publisher\" content=\"https:\/\/www.facebook.com\/JeromeDebord87\" \/>\n<meta property=\"article:modified_time\" content=\"2019-07-09T12:58:39+00:00\" \/>\n<meta name=\"twitter:card\" content=\"summary_large_image\" \/>\n<meta name=\"twitter:label1\" content=\"Dur\u00e9e de lecture estim\u00e9e\" \/>\n\t<meta name=\"twitter:data1\" content=\"2 minutes\" \/>\n<script type=\"application\/ld+json\" class=\"yoast-schema-graph\">{\"@context\":\"https:\\\/\\\/schema.org\",\"@graph\":[{\"@type\":\"WebPage\",\"@id\":\"https:\\\/\\\/limousin-business.fr\\\/index.php\\\/mentions-legales\\\/\",\"url\":\"https:\\\/\\\/limousin-business.fr\\\/index.php\\\/mentions-legales\\\/\",\"name\":\"Mentions l\u00e9gales - Limousin Business +\",\"isPartOf\":{\"@id\":\"https:\\\/\\\/limousin-business.fr\\\/#website\"},\"datePublished\":\"2019-07-02T13:58:38+00:00\",\"dateModified\":\"2019-07-09T12:58:39+00:00\",\"breadcrumb\":{\"@id\":\"https:\\\/\\\/limousin-business.fr\\\/index.php\\\/mentions-legales\\\/#breadcrumb\"},\"inLanguage\":\"fr-FR\",\"potentialAction\":[{\"@type\":\"ReadAction\",\"target\":[\"https:\\\/\\\/limousin-business.fr\\\/index.php\\\/mentions-legales\\\/\"]}]},{\"@type\":\"BreadcrumbList\",\"@id\":\"https:\\\/\\\/limousin-business.fr\\\/index.php\\\/mentions-legales\\\/#breadcrumb\",\"itemListElement\":[{\"@type\":\"ListItem\",\"position\":1,\"name\":\"Accueil\",\"item\":\"https:\\\/\\\/limousin-business.fr\\\/\"},{\"@type\":\"ListItem\",\"position\":2,\"name\":\"Mentions l\u00e9gales\"}]},{\"@type\":\"WebSite\",\"@id\":\"https:\\\/\\\/limousin-business.fr\\\/#website\",\"url\":\"https:\\\/\\\/limousin-business.fr\\\/\",\"name\":\"Limousin Business +\",\"description\":\" Pour Avoir +, \u00catre +, Faire +\",\"publisher\":{\"@id\":\"https:\\\/\\\/limousin-business.fr\\\/#organization\"},\"potentialAction\":[{\"@type\":\"SearchAction\",\"target\":{\"@type\":\"EntryPoint\",\"urlTemplate\":\"https:\\\/\\\/limousin-business.fr\\\/?s={search_term_string}\"},\"query-input\":{\"@type\":\"PropertyValueSpecification\",\"valueRequired\":true,\"valueName\":\"search_term_string\"}}],\"inLanguage\":\"fr-FR\"},{\"@type\":\"Organization\",\"@id\":\"https:\\\/\\\/limousin-business.fr\\\/#organization\",\"name\":\"Limousin Business +\",\"url\":\"https:\\\/\\\/limousin-business.fr\\\/\",\"logo\":{\"@type\":\"ImageObject\",\"inLanguage\":\"fr-FR\",\"@id\":\"https:\\\/\\\/limousin-business.fr\\\/#\\\/schema\\\/logo\\\/image\\\/\",\"url\":\"https:\\\/\\\/limousin-business.fr\\\/wp-content\\\/uploads\\\/2019\\\/07\\\/cropped-logolimousinbusinessvecto-1.jpg\",\"contentUrl\":\"https:\\\/\\\/limousin-business.fr\\\/wp-content\\\/uploads\\\/2019\\\/07\\\/cropped-logolimousinbusinessvecto-1.jpg\",\"width\":824,\"height\":468,\"caption\":\"Limousin Business +\"},\"image\":{\"@id\":\"https:\\\/\\\/limousin-business.fr\\\/#\\\/schema\\\/logo\\\/image\\\/\"},\"sameAs\":[\"https:\\\/\\\/www.facebook.com\\\/JeromeDebord87\"]}]}<\/script>\n<!-- \/ Yoast SEO plugin. -->","yoast_head_json":{"title":"Mentions l\u00e9gales - Limousin Business +","robots":{"index":"index","follow":"follow","max-snippet":"max-snippet:-1","max-image-preview":"max-image-preview:large","max-video-preview":"max-video-preview:-1"},"canonical":"https:\/\/limousin-business.fr\/index.php\/mentions-legales\/","og_locale":"fr_FR","og_type":"article","og_title":"Mentions l\u00e9gales - Limousin Business +","og_description":"Ce site est \u00e9dit\u00e9 par&nbsp;Limousin Business + &nbsp;\u2013 J\u00e9r\u00f4me Debord Limoges&nbsp;\u2013 jerome.debord@limousin-business.fr &nbsp;\u2013&nbsp;t\u00e9l :&nbsp;06 74 68 71 42 Statut de micro-entrepriseCode&nbsp;Ape&nbsp;:&nbsp;8299Z N\u00b0&nbsp;Siret&nbsp;:&nbsp;849 827 100 00017 Site h\u00e9berg\u00e9 chez&nbsp;OVH Limousin Business ...","og_url":"https:\/\/limousin-business.fr\/index.php\/mentions-legales\/","og_site_name":"Limousin Business +","article_publisher":"https:\/\/www.facebook.com\/JeromeDebord87","article_modified_time":"2019-07-09T12:58:39+00:00","twitter_card":"summary_large_image","twitter_misc":{"Dur\u00e9e de lecture estim\u00e9e":"2 minutes"},"schema":{"@context":"https:\/\/schema.org","@graph":[{"@type":"WebPage","@id":"https:\/\/limousin-business.fr\/index.php\/mentions-legales\/","url":"https:\/\/limousin-business.fr\/index.php\/mentions-legales\/","name":"Mentions l\u00e9gales - Limousin Business +","isPartOf":{"@id":"https:\/\/limousin-business.fr\/#website"},"datePublished":"2019-07-02T13:58:38+00:00","dateModified":"2019-07-09T12:58:39+00:00","breadcrumb":{"@id":"https:\/\/limousin-business.fr\/index.php\/mentions-legales\/#breadcrumb"},"inLanguage":"fr-FR","potentialAction":[{"@type":"ReadAction","target":["https:\/\/limousin-business.fr\/index.php\/mentions-legales\/"]}]},{"@type":"BreadcrumbList","@id":"https:\/\/limousin-business.fr\/index.php\/mentions-legales\/#breadcrumb","itemListElement":[{"@type":"ListItem","position":1,"name":"Accueil","item":"https:\/\/limousin-business.fr\/"},{"@type":"ListItem","position":2,"name":"Mentions l\u00e9gales"}]},{"@type":"WebSite","@id":"https:\/\/limousin-business.fr\/#website","url":"https:\/\/limousin-business.fr\/","name":"Limousin Business +","description":" Pour Avoir +, \u00catre +, Faire +","publisher":{"@id":"https:\/\/limousin-business.fr\/#organization"},"potentialAction":[{"@type":"SearchAction","target":{"@type":"EntryPoint","urlTemplate":"https:\/\/limousin-business.fr\/?s={search_term_string}"},"query-input":{"@type":"PropertyValueSpecification","valueRequired":true,"valueName":"search_term_string"}}],"inLanguage":"fr-FR"},{"@type":"Organization","@id":"https:\/\/limousin-business.fr\/#organization","name":"Limousin Business +","url":"https:\/\/limousin-business.fr\/","logo":{"@type":"ImageObject","inLanguage":"fr-FR","@id":"https:\/\/limousin-business.fr\/#\/schema\/logo\/image\/","url":"https:\/\/limousin-business.fr\/wp-content\/uploads\/2019\/07\/cropped-logolimousinbusinessvecto-1.jpg","contentUrl":"https:\/\/limousin-business.fr\/wp-content\/uploads\/2019\/07\/cropped-logolimousinbusinessvecto-1.jpg","width":824,"height":468,"caption":"Limousin Business +"},"image":{"@id":"https:\/\/limousin-business.fr\/#\/schema\/logo\/image\/"},"sameAs":["https:\/\/www.facebook.com\/JeromeDebord87"]}]}},"_links":{"self":[{"href":"https:\/\/limousin-business.fr\/index.php\/wp-json\/wp\/v2\/pages\/133","targetHints":{"allow":["GET"]}}],"collection":[{"href":"https:\/\/limousin-business.fr\/index.php\/wp-json\/wp\/v2\/pages"}],"about":[{"href":"https:\/\/limousin-business.fr\/index.php\/wp-json\/wp\/v2\/types\/page"}],"author":[{"embeddable":true,"href":"https:\/\/limousin-business.fr\/index.php\/wp-json\/wp\/v2\/users\/3"}],"replies":[{"embeddable":true,"href":"https:\/\/limousin-business.fr\/index.php\/wp-json\/wp\/v2\/comments?post=133"}],"version-history":[{"count":6,"href":"https:\/\/limousin-business.fr\/index.php\/wp-json\/wp\/v2\/pages\/133\/revisions"}],"predecessor-version":[{"id":278,"href":"https:\/\/limousin-business.fr\/index.php\/wp-json\/wp\/v2\/pages\/133\/revisions\/278"}],"wp:attachment":[{"href":"https:\/\/limousin-business.fr\/index.php\/wp-json\/wp\/v2\/media?parent=133"}],"curies":[{"name":"wp","href":"https:\/\/api.w.org\/{rel}","templated":true}]}}