{"id":26,"date":"2019-06-19T15:39:54","date_gmt":"2019-06-19T13:39:54","guid":{"rendered":"http:\/\/limousin-business.fr\/?page_id=26"},"modified":"2019-07-11T22:23:48","modified_gmt":"2019-07-11T20:23:48","slug":"communication","status":"publish","type":"page","link":"https:\/\/limousin-business.fr\/index.php\/communication\/","title":{"rendered":"Communication"},"content":{"rendered":"\n<p>En collaboration avec ses partenaires professionnels reconnus,<strong> Limousin Business + <\/strong>vous propose des outils de communication vous permettant d\u2019obtenir une visibilit\u00e9 \u00e9largie&nbsp;:<\/p>\n\n\n\n<p>&nbsp;&nbsp;&nbsp;&nbsp;&nbsp;&nbsp;&nbsp;&nbsp;&nbsp;&nbsp;&nbsp; \u25ba en Limousin gr\u00e2ce \u00e0 des parutions, encarts ou publireportages sur un magazine r\u00e9gional diffus\u00e9 sur toute la r\u00e9gion \u00e0 6000 exemplaires 8 fois par an.<\/p>\n\n\n\n<p>&nbsp;&nbsp;&nbsp;&nbsp;&nbsp;&nbsp;&nbsp;&nbsp;&nbsp;&nbsp;&nbsp; \u25ba sur des supports vid\u00e9os adapt\u00e9s \u00e0 des usages vari\u00e9s (spots publicitaires pour TV ou cin\u00e9ma, film corporate, film produit, film \u00e9v\u00e8nementiel, motion design, drone\u2026) gr\u00e2ce aux comp\u00e9tences et mat\u00e9riel professionnel d\u2019un sp\u00e9cialiste national reconnu.<\/p>\n\n\n\n<p>&nbsp;&nbsp;&nbsp;&nbsp;&nbsp;&nbsp;&nbsp;&nbsp;&nbsp;&nbsp;&nbsp; \u25ba partout dans le monde gr\u00e2ce un service de traduction propos\u00e9 par un sp\u00e9cialiste riche de 30 ann\u00e9es d\u2019exp\u00e9rience, ISO 9001, s\u2019appuyant sur un r\u00e9seau de 900 professionnels multilingues pour toucher les march\u00e9s de l\u2019Europe, des \u00c9tats-Unis, de l\u2019Asie et des pays arabes.<\/p>\n\n\n\n<p>&nbsp;&nbsp;&nbsp;&nbsp;&nbsp;&nbsp;&nbsp;&nbsp;&nbsp;&nbsp;&nbsp; \u25ba via une strat\u00e9gie digitale et un \u00e9quipement en logiciels et autres outils num\u00e9riques&nbsp;adapt\u00e9s : gr\u00e2ce un sp\u00e9cialiste bas\u00e9 \u00e0 Limoges qui vous proposera conseil et expertise technique, conception et architecture logicielle, d\u00e9veloppement et maintenance, accompagnement et assistance \u00e0 MOE\/MOA&#8230;<\/p>\n\n\n\n<div class=\"wp-block-button aligncenter\"><a class=\"wp-block-button__link\" href=\"https:\/\/limousin-business.fr\/index.php\/contact\/\">Contactez-nous<\/a><\/div>\n","protected":false},"excerpt":{"rendered":"<p>En collaboration avec ses partenaires professionnels reconnus, Limousin Business + vous propose des outils de communication vous permettant d\u2019obtenir une visibilit\u00e9 \u00e9largie&nbsp;: &nbsp;&nbsp;&nbsp;&nbsp;&nbsp;&nbsp;&nbsp;&nbsp;&nbsp;&nbsp;&nbsp; \u25ba en Limousin gr\u00e2ce \u00e0 des parutions, &#8230;<\/p>\n","protected":false},"author":1,"featured_media":44,"parent":0,"menu_order":0,"comment_status":"closed","ping_status":"closed","template":"","meta":{"_monsterinsights_skip_tracking":false,"_monsterinsights_sitenote_active":false,"_monsterinsights_sitenote_note":"","_monsterinsights_sitenote_category":0,"footnotes":""},"class_list":["post-26","page","type-page","status-publish","has-post-thumbnail","hentry"],"yoast_head":"<!-- This site is optimized with the Yoast SEO plugin v27.4 - https:\/\/yoast.com\/product\/yoast-seo-wordpress\/ -->\n<title>Communication - Limousin Business +<\/title>\n<meta name=\"robots\" content=\"index, follow, max-snippet:-1, max-image-preview:large, max-video-preview:-1\" \/>\n<link rel=\"canonical\" href=\"https:\/\/limousin-business.fr\/index.php\/communication\/\" \/>\n<meta property=\"og:locale\" content=\"fr_FR\" \/>\n<meta property=\"og:type\" content=\"article\" \/>\n<meta property=\"og:title\" content=\"Communication - Limousin Business +\" \/>\n<meta property=\"og:description\" content=\"En collaboration avec ses partenaires professionnels reconnus, Limousin Business + vous propose des outils de communication vous permettant d\u2019obtenir une visibilit\u00e9 \u00e9largie&nbsp;: &nbsp;&nbsp;&nbsp;&nbsp;&nbsp;&nbsp;&nbsp;&nbsp;&nbsp;&nbsp;&nbsp; \u25ba en Limousin gr\u00e2ce \u00e0 des parutions, ...\" \/>\n<meta property=\"og:url\" content=\"https:\/\/limousin-business.fr\/index.php\/communication\/\" \/>\n<meta property=\"og:site_name\" content=\"Limousin Business +\" \/>\n<meta property=\"article:publisher\" content=\"https:\/\/www.facebook.com\/JeromeDebord87\" \/>\n<meta property=\"article:modified_time\" content=\"2019-07-11T20:23:48+00:00\" \/>\n<meta property=\"og:image\" content=\"https:\/\/limousin-business.fr\/wp-content\/uploads\/2019\/06\/communication.jpg\" \/>\n\t<meta property=\"og:image:width\" content=\"1920\" \/>\n\t<meta property=\"og:image:height\" content=\"1135\" \/>\n\t<meta property=\"og:image:type\" content=\"image\/jpeg\" \/>\n<meta name=\"twitter:card\" content=\"summary_large_image\" \/>\n<meta name=\"twitter:label1\" content=\"Dur\u00e9e de lecture estim\u00e9e\" \/>\n\t<meta name=\"twitter:data1\" content=\"1 minute\" \/>\n<script type=\"application\/ld+json\" class=\"yoast-schema-graph\">{\"@context\":\"https:\\\/\\\/schema.org\",\"@graph\":[{\"@type\":\"WebPage\",\"@id\":\"https:\\\/\\\/limousin-business.fr\\\/index.php\\\/communication\\\/\",\"url\":\"https:\\\/\\\/limousin-business.fr\\\/index.php\\\/communication\\\/\",\"name\":\"Communication - Limousin Business +\",\"isPartOf\":{\"@id\":\"https:\\\/\\\/limousin-business.fr\\\/#website\"},\"primaryImageOfPage\":{\"@id\":\"https:\\\/\\\/limousin-business.fr\\\/index.php\\\/communication\\\/#primaryimage\"},\"image\":{\"@id\":\"https:\\\/\\\/limousin-business.fr\\\/index.php\\\/communication\\\/#primaryimage\"},\"thumbnailUrl\":\"https:\\\/\\\/limousin-business.fr\\\/wp-content\\\/uploads\\\/2019\\\/06\\\/communication.jpg\",\"datePublished\":\"2019-06-19T13:39:54+00:00\",\"dateModified\":\"2019-07-11T20:23:48+00:00\",\"breadcrumb\":{\"@id\":\"https:\\\/\\\/limousin-business.fr\\\/index.php\\\/communication\\\/#breadcrumb\"},\"inLanguage\":\"fr-FR\",\"potentialAction\":[{\"@type\":\"ReadAction\",\"target\":[\"https:\\\/\\\/limousin-business.fr\\\/index.php\\\/communication\\\/\"]}]},{\"@type\":\"ImageObject\",\"inLanguage\":\"fr-FR\",\"@id\":\"https:\\\/\\\/limousin-business.fr\\\/index.php\\\/communication\\\/#primaryimage\",\"url\":\"https:\\\/\\\/limousin-business.fr\\\/wp-content\\\/uploads\\\/2019\\\/06\\\/communication.jpg\",\"contentUrl\":\"https:\\\/\\\/limousin-business.fr\\\/wp-content\\\/uploads\\\/2019\\\/06\\\/communication.jpg\",\"width\":1920,\"height\":1135},{\"@type\":\"BreadcrumbList\",\"@id\":\"https:\\\/\\\/limousin-business.fr\\\/index.php\\\/communication\\\/#breadcrumb\",\"itemListElement\":[{\"@type\":\"ListItem\",\"position\":1,\"name\":\"Accueil\",\"item\":\"https:\\\/\\\/limousin-business.fr\\\/\"},{\"@type\":\"ListItem\",\"position\":2,\"name\":\"Communication\"}]},{\"@type\":\"WebSite\",\"@id\":\"https:\\\/\\\/limousin-business.fr\\\/#website\",\"url\":\"https:\\\/\\\/limousin-business.fr\\\/\",\"name\":\"Limousin Business +\",\"description\":\" Pour Avoir +, \u00catre +, Faire +\",\"publisher\":{\"@id\":\"https:\\\/\\\/limousin-business.fr\\\/#organization\"},\"potentialAction\":[{\"@type\":\"SearchAction\",\"target\":{\"@type\":\"EntryPoint\",\"urlTemplate\":\"https:\\\/\\\/limousin-business.fr\\\/?s={search_term_string}\"},\"query-input\":{\"@type\":\"PropertyValueSpecification\",\"valueRequired\":true,\"valueName\":\"search_term_string\"}}],\"inLanguage\":\"fr-FR\"},{\"@type\":\"Organization\",\"@id\":\"https:\\\/\\\/limousin-business.fr\\\/#organization\",\"name\":\"Limousin Business +\",\"url\":\"https:\\\/\\\/limousin-business.fr\\\/\",\"logo\":{\"@type\":\"ImageObject\",\"inLanguage\":\"fr-FR\",\"@id\":\"https:\\\/\\\/limousin-business.fr\\\/#\\\/schema\\\/logo\\\/image\\\/\",\"url\":\"https:\\\/\\\/limousin-business.fr\\\/wp-content\\\/uploads\\\/2019\\\/07\\\/cropped-logolimousinbusinessvecto-1.jpg\",\"contentUrl\":\"https:\\\/\\\/limousin-business.fr\\\/wp-content\\\/uploads\\\/2019\\\/07\\\/cropped-logolimousinbusinessvecto-1.jpg\",\"width\":824,\"height\":468,\"caption\":\"Limousin Business +\"},\"image\":{\"@id\":\"https:\\\/\\\/limousin-business.fr\\\/#\\\/schema\\\/logo\\\/image\\\/\"},\"sameAs\":[\"https:\\\/\\\/www.facebook.com\\\/JeromeDebord87\"]}]}<\/script>\n<!-- \/ Yoast SEO plugin. -->","yoast_head_json":{"title":"Communication - Limousin Business +","robots":{"index":"index","follow":"follow","max-snippet":"max-snippet:-1","max-image-preview":"max-image-preview:large","max-video-preview":"max-video-preview:-1"},"canonical":"https:\/\/limousin-business.fr\/index.php\/communication\/","og_locale":"fr_FR","og_type":"article","og_title":"Communication - Limousin Business +","og_description":"En collaboration avec ses partenaires professionnels reconnus, Limousin Business + vous propose des outils de communication vous permettant d\u2019obtenir une visibilit\u00e9 \u00e9largie&nbsp;: &nbsp;&nbsp;&nbsp;&nbsp;&nbsp;&nbsp;&nbsp;&nbsp;&nbsp;&nbsp;&nbsp; \u25ba en Limousin gr\u00e2ce \u00e0 des parutions, ...","og_url":"https:\/\/limousin-business.fr\/index.php\/communication\/","og_site_name":"Limousin Business +","article_publisher":"https:\/\/www.facebook.com\/JeromeDebord87","article_modified_time":"2019-07-11T20:23:48+00:00","og_image":[{"width":1920,"height":1135,"url":"https:\/\/limousin-business.fr\/wp-content\/uploads\/2019\/06\/communication.jpg","type":"image\/jpeg"}],"twitter_card":"summary_large_image","twitter_misc":{"Dur\u00e9e de lecture estim\u00e9e":"1 minute"},"schema":{"@context":"https:\/\/schema.org","@graph":[{"@type":"WebPage","@id":"https:\/\/limousin-business.fr\/index.php\/communication\/","url":"https:\/\/limousin-business.fr\/index.php\/communication\/","name":"Communication - Limousin Business +","isPartOf":{"@id":"https:\/\/limousin-business.fr\/#website"},"primaryImageOfPage":{"@id":"https:\/\/limousin-business.fr\/index.php\/communication\/#primaryimage"},"image":{"@id":"https:\/\/limousin-business.fr\/index.php\/communication\/#primaryimage"},"thumbnailUrl":"https:\/\/limousin-business.fr\/wp-content\/uploads\/2019\/06\/communication.jpg","datePublished":"2019-06-19T13:39:54+00:00","dateModified":"2019-07-11T20:23:48+00:00","breadcrumb":{"@id":"https:\/\/limousin-business.fr\/index.php\/communication\/#breadcrumb"},"inLanguage":"fr-FR","potentialAction":[{"@type":"ReadAction","target":["https:\/\/limousin-business.fr\/index.php\/communication\/"]}]},{"@type":"ImageObject","inLanguage":"fr-FR","@id":"https:\/\/limousin-business.fr\/index.php\/communication\/#primaryimage","url":"https:\/\/limousin-business.fr\/wp-content\/uploads\/2019\/06\/communication.jpg","contentUrl":"https:\/\/limousin-business.fr\/wp-content\/uploads\/2019\/06\/communication.jpg","width":1920,"height":1135},{"@type":"BreadcrumbList","@id":"https:\/\/limousin-business.fr\/index.php\/communication\/#breadcrumb","itemListElement":[{"@type":"ListItem","position":1,"name":"Accueil","item":"https:\/\/limousin-business.fr\/"},{"@type":"ListItem","position":2,"name":"Communication"}]},{"@type":"WebSite","@id":"https:\/\/limousin-business.fr\/#website","url":"https:\/\/limousin-business.fr\/","name":"Limousin Business +","description":" Pour Avoir +, \u00catre +, Faire +","publisher":{"@id":"https:\/\/limousin-business.fr\/#organization"},"potentialAction":[{"@type":"SearchAction","target":{"@type":"EntryPoint","urlTemplate":"https:\/\/limousin-business.fr\/?s={search_term_string}"},"query-input":{"@type":"PropertyValueSpecification","valueRequired":true,"valueName":"search_term_string"}}],"inLanguage":"fr-FR"},{"@type":"Organization","@id":"https:\/\/limousin-business.fr\/#organization","name":"Limousin Business +","url":"https:\/\/limousin-business.fr\/","logo":{"@type":"ImageObject","inLanguage":"fr-FR","@id":"https:\/\/limousin-business.fr\/#\/schema\/logo\/image\/","url":"https:\/\/limousin-business.fr\/wp-content\/uploads\/2019\/07\/cropped-logolimousinbusinessvecto-1.jpg","contentUrl":"https:\/\/limousin-business.fr\/wp-content\/uploads\/2019\/07\/cropped-logolimousinbusinessvecto-1.jpg","width":824,"height":468,"caption":"Limousin Business +"},"image":{"@id":"https:\/\/limousin-business.fr\/#\/schema\/logo\/image\/"},"sameAs":["https:\/\/www.facebook.com\/JeromeDebord87"]}]}},"_links":{"self":[{"href":"https:\/\/limousin-business.fr\/index.php\/wp-json\/wp\/v2\/pages\/26","targetHints":{"allow":["GET"]}}],"collection":[{"href":"https:\/\/limousin-business.fr\/index.php\/wp-json\/wp\/v2\/pages"}],"about":[{"href":"https:\/\/limousin-business.fr\/index.php\/wp-json\/wp\/v2\/types\/page"}],"author":[{"embeddable":true,"href":"https:\/\/limousin-business.fr\/index.php\/wp-json\/wp\/v2\/users\/1"}],"replies":[{"embeddable":true,"href":"https:\/\/limousin-business.fr\/index.php\/wp-json\/wp\/v2\/comments?post=26"}],"version-history":[{"count":15,"href":"https:\/\/limousin-business.fr\/index.php\/wp-json\/wp\/v2\/pages\/26\/revisions"}],"predecessor-version":[{"id":350,"href":"https:\/\/limousin-business.fr\/index.php\/wp-json\/wp\/v2\/pages\/26\/revisions\/350"}],"wp:featuredmedia":[{"embeddable":true,"href":"https:\/\/limousin-business.fr\/index.php\/wp-json\/wp\/v2\/media\/44"}],"wp:attachment":[{"href":"https:\/\/limousin-business.fr\/index.php\/wp-json\/wp\/v2\/media?parent=26"}],"curies":[{"name":"wp","href":"https:\/\/api.w.org\/{rel}","templated":true}]}}