{"id":262,"date":"2019-07-09T14:30:28","date_gmt":"2019-07-09T12:30:28","guid":{"rendered":"http:\/\/limousin-business.fr\/?page_id=262"},"modified":"2019-07-11T22:23:27","modified_gmt":"2019-07-11T20:23:27","slug":"limousin","status":"publish","type":"page","link":"https:\/\/limousin-business.fr\/index.php\/limousin\/","title":{"rendered":"Limousin"},"content":{"rendered":"\n<h4 class=\"wp-block-heading\">Votre entreprise est situ\u00e9e sur le Territoire Limousin, vous souhaitez y poursuivre votre d\u00e9veloppement commercial, explorer de nouveaux march\u00e9s ou lancer de nouveaux produits&nbsp;:<\/h4>\n\n\n\n<p>\u00a0\u00a0\u00a0\u00a0\u00a0\u00a0\u00a0\u00a0\u00a0\u00a0\u00a0 \u25ba\u00a0<strong>Limousin Business +\u00a0<\/strong>vous accompagne dans l\u2019\u00e9laboration d\u2019une strat\u00e9gie de communication et\/ou de commercialisation adapt\u00e9e \u00e0 vos nouveaux projets<br>\u00a0\u00a0\u00a0\u00a0\u00a0\u00a0\u00a0\u00a0\u00a0\u00a0\u00a0 \u25ba <strong>Limousin Business + <\/strong>vous propose des outils de communication et de promotion pour pour faire conna\u00eetre vos nouveaux projets<br>\u00a0\u00a0\u00a0\u00a0\u00a0\u00a0\u00a0\u00a0\u00a0\u00a0\u00a0 \u25ba\u00a0<strong>Limousin Business +\u00a0<\/strong>vous aide \u00e0 identifier et \u00e0 contacter la client\u00e8le qui correspond \u00e0 vos attentes<\/p>\n\n\n\n<div class=\"wp-block-button aligncenter\"><a class=\"wp-block-button__link\" href=\"https:\/\/limousin-business.fr\/index.php\/contact\/\">Contactez-nous<\/a><\/div>\n","protected":false},"excerpt":{"rendered":"<p>Votre entreprise est situ\u00e9e sur le Territoire Limousin, vous souhaitez y poursuivre votre d\u00e9veloppement commercial, explorer de nouveaux march\u00e9s ou lancer de nouveaux produits&nbsp;: \u00a0\u00a0\u00a0\u00a0\u00a0\u00a0\u00a0\u00a0\u00a0\u00a0\u00a0 \u25ba\u00a0Limousin Business +\u00a0vous accompagne dans &#8230;<\/p>\n","protected":false},"author":3,"featured_media":0,"parent":0,"menu_order":0,"comment_status":"closed","ping_status":"closed","template":"","meta":{"_monsterinsights_skip_tracking":false,"_monsterinsights_sitenote_active":false,"_monsterinsights_sitenote_note":"","_monsterinsights_sitenote_category":0,"footnotes":""},"class_list":["post-262","page","type-page","status-publish","hentry"],"yoast_head":"<!-- This site is optimized with the Yoast SEO plugin v27.4 - https:\/\/yoast.com\/product\/yoast-seo-wordpress\/ -->\n<title>Limousin - Limousin Business +<\/title>\n<meta name=\"robots\" content=\"index, follow, max-snippet:-1, max-image-preview:large, max-video-preview:-1\" \/>\n<link rel=\"canonical\" href=\"https:\/\/limousin-business.fr\/index.php\/limousin\/\" \/>\n<meta property=\"og:locale\" content=\"fr_FR\" \/>\n<meta property=\"og:type\" content=\"article\" \/>\n<meta property=\"og:title\" content=\"Limousin - Limousin Business +\" \/>\n<meta property=\"og:description\" content=\"Votre entreprise est situ\u00e9e sur le Territoire Limousin, vous souhaitez y poursuivre votre d\u00e9veloppement commercial, explorer de nouveaux march\u00e9s ou lancer de nouveaux produits&nbsp;: \u00a0\u00a0\u00a0\u00a0\u00a0\u00a0\u00a0\u00a0\u00a0\u00a0\u00a0 \u25ba\u00a0Limousin Business +\u00a0vous accompagne dans ...\" \/>\n<meta property=\"og:url\" content=\"https:\/\/limousin-business.fr\/index.php\/limousin\/\" \/>\n<meta property=\"og:site_name\" content=\"Limousin Business +\" \/>\n<meta property=\"article:publisher\" content=\"https:\/\/www.facebook.com\/JeromeDebord87\" \/>\n<meta property=\"article:modified_time\" content=\"2019-07-11T20:23:27+00:00\" \/>\n<meta name=\"twitter:card\" content=\"summary_large_image\" \/>\n<script type=\"application\/ld+json\" class=\"yoast-schema-graph\">{\"@context\":\"https:\\\/\\\/schema.org\",\"@graph\":[{\"@type\":\"WebPage\",\"@id\":\"https:\\\/\\\/limousin-business.fr\\\/index.php\\\/limousin\\\/\",\"url\":\"https:\\\/\\\/limousin-business.fr\\\/index.php\\\/limousin\\\/\",\"name\":\"Limousin - Limousin Business +\",\"isPartOf\":{\"@id\":\"https:\\\/\\\/limousin-business.fr\\\/#website\"},\"datePublished\":\"2019-07-09T12:30:28+00:00\",\"dateModified\":\"2019-07-11T20:23:27+00:00\",\"breadcrumb\":{\"@id\":\"https:\\\/\\\/limousin-business.fr\\\/index.php\\\/limousin\\\/#breadcrumb\"},\"inLanguage\":\"fr-FR\",\"potentialAction\":[{\"@type\":\"ReadAction\",\"target\":[\"https:\\\/\\\/limousin-business.fr\\\/index.php\\\/limousin\\\/\"]}]},{\"@type\":\"BreadcrumbList\",\"@id\":\"https:\\\/\\\/limousin-business.fr\\\/index.php\\\/limousin\\\/#breadcrumb\",\"itemListElement\":[{\"@type\":\"ListItem\",\"position\":1,\"name\":\"Accueil\",\"item\":\"https:\\\/\\\/limousin-business.fr\\\/\"},{\"@type\":\"ListItem\",\"position\":2,\"name\":\"Limousin\"}]},{\"@type\":\"WebSite\",\"@id\":\"https:\\\/\\\/limousin-business.fr\\\/#website\",\"url\":\"https:\\\/\\\/limousin-business.fr\\\/\",\"name\":\"Limousin Business +\",\"description\":\" Pour Avoir +, \u00catre +, Faire +\",\"publisher\":{\"@id\":\"https:\\\/\\\/limousin-business.fr\\\/#organization\"},\"potentialAction\":[{\"@type\":\"SearchAction\",\"target\":{\"@type\":\"EntryPoint\",\"urlTemplate\":\"https:\\\/\\\/limousin-business.fr\\\/?s={search_term_string}\"},\"query-input\":{\"@type\":\"PropertyValueSpecification\",\"valueRequired\":true,\"valueName\":\"search_term_string\"}}],\"inLanguage\":\"fr-FR\"},{\"@type\":\"Organization\",\"@id\":\"https:\\\/\\\/limousin-business.fr\\\/#organization\",\"name\":\"Limousin Business +\",\"url\":\"https:\\\/\\\/limousin-business.fr\\\/\",\"logo\":{\"@type\":\"ImageObject\",\"inLanguage\":\"fr-FR\",\"@id\":\"https:\\\/\\\/limousin-business.fr\\\/#\\\/schema\\\/logo\\\/image\\\/\",\"url\":\"https:\\\/\\\/limousin-business.fr\\\/wp-content\\\/uploads\\\/2019\\\/07\\\/cropped-logolimousinbusinessvecto-1.jpg\",\"contentUrl\":\"https:\\\/\\\/limousin-business.fr\\\/wp-content\\\/uploads\\\/2019\\\/07\\\/cropped-logolimousinbusinessvecto-1.jpg\",\"width\":824,\"height\":468,\"caption\":\"Limousin Business +\"},\"image\":{\"@id\":\"https:\\\/\\\/limousin-business.fr\\\/#\\\/schema\\\/logo\\\/image\\\/\"},\"sameAs\":[\"https:\\\/\\\/www.facebook.com\\\/JeromeDebord87\"]}]}<\/script>\n<!-- \/ Yoast SEO plugin. -->","yoast_head_json":{"title":"Limousin - Limousin Business +","robots":{"index":"index","follow":"follow","max-snippet":"max-snippet:-1","max-image-preview":"max-image-preview:large","max-video-preview":"max-video-preview:-1"},"canonical":"https:\/\/limousin-business.fr\/index.php\/limousin\/","og_locale":"fr_FR","og_type":"article","og_title":"Limousin - Limousin Business +","og_description":"Votre entreprise est situ\u00e9e sur le Territoire Limousin, vous souhaitez y poursuivre votre d\u00e9veloppement commercial, explorer de nouveaux march\u00e9s ou lancer de nouveaux produits&nbsp;: \u00a0\u00a0\u00a0\u00a0\u00a0\u00a0\u00a0\u00a0\u00a0\u00a0\u00a0 \u25ba\u00a0Limousin Business +\u00a0vous accompagne dans ...","og_url":"https:\/\/limousin-business.fr\/index.php\/limousin\/","og_site_name":"Limousin Business +","article_publisher":"https:\/\/www.facebook.com\/JeromeDebord87","article_modified_time":"2019-07-11T20:23:27+00:00","twitter_card":"summary_large_image","schema":{"@context":"https:\/\/schema.org","@graph":[{"@type":"WebPage","@id":"https:\/\/limousin-business.fr\/index.php\/limousin\/","url":"https:\/\/limousin-business.fr\/index.php\/limousin\/","name":"Limousin - Limousin Business +","isPartOf":{"@id":"https:\/\/limousin-business.fr\/#website"},"datePublished":"2019-07-09T12:30:28+00:00","dateModified":"2019-07-11T20:23:27+00:00","breadcrumb":{"@id":"https:\/\/limousin-business.fr\/index.php\/limousin\/#breadcrumb"},"inLanguage":"fr-FR","potentialAction":[{"@type":"ReadAction","target":["https:\/\/limousin-business.fr\/index.php\/limousin\/"]}]},{"@type":"BreadcrumbList","@id":"https:\/\/limousin-business.fr\/index.php\/limousin\/#breadcrumb","itemListElement":[{"@type":"ListItem","position":1,"name":"Accueil","item":"https:\/\/limousin-business.fr\/"},{"@type":"ListItem","position":2,"name":"Limousin"}]},{"@type":"WebSite","@id":"https:\/\/limousin-business.fr\/#website","url":"https:\/\/limousin-business.fr\/","name":"Limousin Business +","description":" Pour Avoir +, \u00catre +, Faire +","publisher":{"@id":"https:\/\/limousin-business.fr\/#organization"},"potentialAction":[{"@type":"SearchAction","target":{"@type":"EntryPoint","urlTemplate":"https:\/\/limousin-business.fr\/?s={search_term_string}"},"query-input":{"@type":"PropertyValueSpecification","valueRequired":true,"valueName":"search_term_string"}}],"inLanguage":"fr-FR"},{"@type":"Organization","@id":"https:\/\/limousin-business.fr\/#organization","name":"Limousin Business +","url":"https:\/\/limousin-business.fr\/","logo":{"@type":"ImageObject","inLanguage":"fr-FR","@id":"https:\/\/limousin-business.fr\/#\/schema\/logo\/image\/","url":"https:\/\/limousin-business.fr\/wp-content\/uploads\/2019\/07\/cropped-logolimousinbusinessvecto-1.jpg","contentUrl":"https:\/\/limousin-business.fr\/wp-content\/uploads\/2019\/07\/cropped-logolimousinbusinessvecto-1.jpg","width":824,"height":468,"caption":"Limousin Business +"},"image":{"@id":"https:\/\/limousin-business.fr\/#\/schema\/logo\/image\/"},"sameAs":["https:\/\/www.facebook.com\/JeromeDebord87"]}]}},"_links":{"self":[{"href":"https:\/\/limousin-business.fr\/index.php\/wp-json\/wp\/v2\/pages\/262","targetHints":{"allow":["GET"]}}],"collection":[{"href":"https:\/\/limousin-business.fr\/index.php\/wp-json\/wp\/v2\/pages"}],"about":[{"href":"https:\/\/limousin-business.fr\/index.php\/wp-json\/wp\/v2\/types\/page"}],"author":[{"embeddable":true,"href":"https:\/\/limousin-business.fr\/index.php\/wp-json\/wp\/v2\/users\/3"}],"replies":[{"embeddable":true,"href":"https:\/\/limousin-business.fr\/index.php\/wp-json\/wp\/v2\/comments?post=262"}],"version-history":[{"count":3,"href":"https:\/\/limousin-business.fr\/index.php\/wp-json\/wp\/v2\/pages\/262\/revisions"}],"predecessor-version":[{"id":347,"href":"https:\/\/limousin-business.fr\/index.php\/wp-json\/wp\/v2\/pages\/262\/revisions\/347"}],"wp:attachment":[{"href":"https:\/\/limousin-business.fr\/index.php\/wp-json\/wp\/v2\/media?parent=262"}],"curies":[{"name":"wp","href":"https:\/\/api.w.org\/{rel}","templated":true}]}}