{"id":28,"date":"2019-06-19T15:40:03","date_gmt":"2019-06-19T13:40:03","guid":{"rendered":"http:\/\/limousin-business.fr\/?page_id=28"},"modified":"2019-07-11T22:24:16","modified_gmt":"2019-07-11T20:24:16","slug":"gestion","status":"publish","type":"page","link":"https:\/\/limousin-business.fr\/index.php\/gestion\/","title":{"rendered":"Formations"},"content":{"rendered":"\n<h3 class=\"wp-block-heading\">Pour d\u00e9velopper votre activit\u00e9<\/h3>\n\n\n\n<p>Parce que tout cr\u00e9ateur ou dirigeant a toujours en t\u00eate de faire grandir son entreprise et accro\u00eetre son activit\u00e9, et parce qu&rsquo;il est toujours plus efficace et pertinent d\u2019\u00eatre organis\u00e9 et form\u00e9 pour appr\u00e9hender ces phases de croissance,<strong> Limousin Business +<\/strong> met \u00e0 votre disposition des outils et des formations&nbsp;:<\/p>\n\n\n\n<p>&nbsp;&nbsp;&nbsp;&nbsp;&nbsp;&nbsp;&nbsp;&nbsp;&nbsp;&nbsp;&nbsp; \u25ba programme de renforcement dispens\u00e9 par des experts issus de grands groupes internationaux pour la mont\u00e9e en comp\u00e9tence du dirigeant dans sa strat\u00e9gie et son management, pour la mise en relation avec des grands groupes et des ETI, pour la mise en relation avec d\u2019autres PME pour des partages d\u2019exp\u00e9riences,<\/p>\n\n\n\n<p>&nbsp;&nbsp;&nbsp;&nbsp;&nbsp;&nbsp;&nbsp;&nbsp;&nbsp;&nbsp;&nbsp; \u25ba formations en organisation, gestion du temps et des priorit\u00e9s,<\/p>\n\n\n\n<p>&nbsp;&nbsp;&nbsp;&nbsp;&nbsp;&nbsp;&nbsp;&nbsp;&nbsp;&nbsp;&nbsp; \u25ba audit organisationnel pour \u00eatre guid\u00e9 et conseill\u00e9 face \u00e0 une situation d\u00e9licate&nbsp;ou&nbsp;une \u00e9volution importante dans l\u2019entreprise, afin de prendre une d\u00e9cision en toute connaissance.<\/p>\n\n\n\n<h3 class=\"wp-block-heading\">Pour vous lib\u00e9rer du temps<\/h3>\n\n\n\n<p>En collaboration avec une soci\u00e9t\u00e9 sp\u00e9cialis\u00e9e dans la gestion administrative, l\u2019organisation, l\u2019audit et la formation, <strong>Limousin Business + <\/strong>souhaite vous offrir la possibilit\u00e9 de vous lib\u00e9rer de t\u00e2ches chronophages, tout en vous apportant des solutions et de la m\u00e9thode pour la gestion au quotidien de votre entreprise&nbsp;:<\/p>\n\n\n\n<p>&nbsp;&nbsp;&nbsp;&nbsp;&nbsp;&nbsp;&nbsp;&nbsp;&nbsp;&nbsp;&nbsp; \u25ba aide \u00e0 la gestion administrative en service externalis\u00e9, de fa\u00e7on personnalis\u00e9e, en fonction de votre besoin, afin de ne plus vous pr\u00e9occuper de la \u00ab\u00a0paperasserie\u00a0\u00bb, et de vous lib\u00e9rer de la gestion de vos clients, de vos factures achats et ventes,<\/p>\n\n\n\n<p>&nbsp;&nbsp;&nbsp;&nbsp;&nbsp;&nbsp;&nbsp;&nbsp;&nbsp;&nbsp;&nbsp; \u25ba mise \u00e0 jour r\u00e9guli\u00e8re de vos tableaux de bord de pilotage pour optimiser et am\u00e9liorer le suivi de votre performance,<\/p>\n\n\n\n<p>&nbsp;&nbsp;&nbsp;&nbsp;&nbsp;&nbsp;&nbsp;&nbsp;&nbsp;&nbsp;&nbsp; \u25ba cr\u00e9ation de proc\u00e9dures pour garantir la meilleure des tr\u00e9soreries.<\/p>\n\n\n\n<div class=\"wp-block-button aligncenter\"><a class=\"wp-block-button__link\" href=\"https:\/\/limousin-business.fr\/index.php\/contact\/\">Contactez-nous<\/a><\/div>\n","protected":false},"excerpt":{"rendered":"<p>Pour d\u00e9velopper votre activit\u00e9 Parce que tout cr\u00e9ateur ou dirigeant a toujours en t\u00eate de faire grandir son entreprise et accro\u00eetre son activit\u00e9, et parce qu&rsquo;il est toujours plus efficace &#8230;<\/p>\n","protected":false},"author":1,"featured_media":48,"parent":0,"menu_order":0,"comment_status":"closed","ping_status":"closed","template":"","meta":{"_monsterinsights_skip_tracking":false,"_monsterinsights_sitenote_active":false,"_monsterinsights_sitenote_note":"","_monsterinsights_sitenote_category":0,"footnotes":""},"class_list":["post-28","page","type-page","status-publish","has-post-thumbnail","hentry"],"yoast_head":"<!-- This site is optimized with the Yoast SEO plugin v27.4 - https:\/\/yoast.com\/product\/yoast-seo-wordpress\/ -->\n<title>Formations - Limousin Business +<\/title>\n<meta name=\"robots\" content=\"index, follow, max-snippet:-1, max-image-preview:large, max-video-preview:-1\" \/>\n<link rel=\"canonical\" href=\"https:\/\/limousin-business.fr\/index.php\/gestion\/\" \/>\n<meta property=\"og:locale\" content=\"fr_FR\" \/>\n<meta property=\"og:type\" content=\"article\" \/>\n<meta property=\"og:title\" content=\"Formations - Limousin Business +\" \/>\n<meta property=\"og:description\" content=\"Pour d\u00e9velopper votre activit\u00e9 Parce que tout cr\u00e9ateur ou dirigeant a toujours en t\u00eate de faire grandir son entreprise et accro\u00eetre son activit\u00e9, et parce qu&rsquo;il est toujours plus efficace ...\" \/>\n<meta property=\"og:url\" content=\"https:\/\/limousin-business.fr\/index.php\/gestion\/\" \/>\n<meta property=\"og:site_name\" content=\"Limousin Business +\" \/>\n<meta property=\"article:publisher\" content=\"https:\/\/www.facebook.com\/JeromeDebord87\" \/>\n<meta property=\"article:modified_time\" content=\"2019-07-11T20:24:16+00:00\" \/>\n<meta property=\"og:image\" content=\"https:\/\/limousin-business.fr\/wp-content\/uploads\/2019\/06\/gestion.jpg\" \/>\n\t<meta property=\"og:image:width\" content=\"1920\" \/>\n\t<meta property=\"og:image:height\" content=\"1285\" \/>\n\t<meta property=\"og:image:type\" content=\"image\/jpeg\" \/>\n<meta name=\"twitter:card\" content=\"summary_large_image\" \/>\n<meta name=\"twitter:label1\" content=\"Dur\u00e9e de lecture estim\u00e9e\" \/>\n\t<meta name=\"twitter:data1\" content=\"2 minutes\" \/>\n<script type=\"application\/ld+json\" class=\"yoast-schema-graph\">{\"@context\":\"https:\\\/\\\/schema.org\",\"@graph\":[{\"@type\":\"WebPage\",\"@id\":\"https:\\\/\\\/limousin-business.fr\\\/index.php\\\/gestion\\\/\",\"url\":\"https:\\\/\\\/limousin-business.fr\\\/index.php\\\/gestion\\\/\",\"name\":\"Formations - Limousin Business +\",\"isPartOf\":{\"@id\":\"https:\\\/\\\/limousin-business.fr\\\/#website\"},\"primaryImageOfPage\":{\"@id\":\"https:\\\/\\\/limousin-business.fr\\\/index.php\\\/gestion\\\/#primaryimage\"},\"image\":{\"@id\":\"https:\\\/\\\/limousin-business.fr\\\/index.php\\\/gestion\\\/#primaryimage\"},\"thumbnailUrl\":\"https:\\\/\\\/limousin-business.fr\\\/wp-content\\\/uploads\\\/2019\\\/06\\\/gestion.jpg\",\"datePublished\":\"2019-06-19T13:40:03+00:00\",\"dateModified\":\"2019-07-11T20:24:16+00:00\",\"breadcrumb\":{\"@id\":\"https:\\\/\\\/limousin-business.fr\\\/index.php\\\/gestion\\\/#breadcrumb\"},\"inLanguage\":\"fr-FR\",\"potentialAction\":[{\"@type\":\"ReadAction\",\"target\":[\"https:\\\/\\\/limousin-business.fr\\\/index.php\\\/gestion\\\/\"]}]},{\"@type\":\"ImageObject\",\"inLanguage\":\"fr-FR\",\"@id\":\"https:\\\/\\\/limousin-business.fr\\\/index.php\\\/gestion\\\/#primaryimage\",\"url\":\"https:\\\/\\\/limousin-business.fr\\\/wp-content\\\/uploads\\\/2019\\\/06\\\/gestion.jpg\",\"contentUrl\":\"https:\\\/\\\/limousin-business.fr\\\/wp-content\\\/uploads\\\/2019\\\/06\\\/gestion.jpg\",\"width\":1920,\"height\":1285},{\"@type\":\"BreadcrumbList\",\"@id\":\"https:\\\/\\\/limousin-business.fr\\\/index.php\\\/gestion\\\/#breadcrumb\",\"itemListElement\":[{\"@type\":\"ListItem\",\"position\":1,\"name\":\"Accueil\",\"item\":\"https:\\\/\\\/limousin-business.fr\\\/\"},{\"@type\":\"ListItem\",\"position\":2,\"name\":\"Formations\"}]},{\"@type\":\"WebSite\",\"@id\":\"https:\\\/\\\/limousin-business.fr\\\/#website\",\"url\":\"https:\\\/\\\/limousin-business.fr\\\/\",\"name\":\"Limousin Business +\",\"description\":\" Pour Avoir +, \u00catre +, Faire +\",\"publisher\":{\"@id\":\"https:\\\/\\\/limousin-business.fr\\\/#organization\"},\"potentialAction\":[{\"@type\":\"SearchAction\",\"target\":{\"@type\":\"EntryPoint\",\"urlTemplate\":\"https:\\\/\\\/limousin-business.fr\\\/?s={search_term_string}\"},\"query-input\":{\"@type\":\"PropertyValueSpecification\",\"valueRequired\":true,\"valueName\":\"search_term_string\"}}],\"inLanguage\":\"fr-FR\"},{\"@type\":\"Organization\",\"@id\":\"https:\\\/\\\/limousin-business.fr\\\/#organization\",\"name\":\"Limousin Business +\",\"url\":\"https:\\\/\\\/limousin-business.fr\\\/\",\"logo\":{\"@type\":\"ImageObject\",\"inLanguage\":\"fr-FR\",\"@id\":\"https:\\\/\\\/limousin-business.fr\\\/#\\\/schema\\\/logo\\\/image\\\/\",\"url\":\"https:\\\/\\\/limousin-business.fr\\\/wp-content\\\/uploads\\\/2019\\\/07\\\/cropped-logolimousinbusinessvecto-1.jpg\",\"contentUrl\":\"https:\\\/\\\/limousin-business.fr\\\/wp-content\\\/uploads\\\/2019\\\/07\\\/cropped-logolimousinbusinessvecto-1.jpg\",\"width\":824,\"height\":468,\"caption\":\"Limousin Business +\"},\"image\":{\"@id\":\"https:\\\/\\\/limousin-business.fr\\\/#\\\/schema\\\/logo\\\/image\\\/\"},\"sameAs\":[\"https:\\\/\\\/www.facebook.com\\\/JeromeDebord87\"]}]}<\/script>\n<!-- \/ Yoast SEO plugin. -->","yoast_head_json":{"title":"Formations - Limousin Business +","robots":{"index":"index","follow":"follow","max-snippet":"max-snippet:-1","max-image-preview":"max-image-preview:large","max-video-preview":"max-video-preview:-1"},"canonical":"https:\/\/limousin-business.fr\/index.php\/gestion\/","og_locale":"fr_FR","og_type":"article","og_title":"Formations - Limousin Business +","og_description":"Pour d\u00e9velopper votre activit\u00e9 Parce que tout cr\u00e9ateur ou dirigeant a toujours en t\u00eate de faire grandir son entreprise et accro\u00eetre son activit\u00e9, et parce qu&rsquo;il est toujours plus efficace ...","og_url":"https:\/\/limousin-business.fr\/index.php\/gestion\/","og_site_name":"Limousin Business +","article_publisher":"https:\/\/www.facebook.com\/JeromeDebord87","article_modified_time":"2019-07-11T20:24:16+00:00","og_image":[{"width":1920,"height":1285,"url":"https:\/\/limousin-business.fr\/wp-content\/uploads\/2019\/06\/gestion.jpg","type":"image\/jpeg"}],"twitter_card":"summary_large_image","twitter_misc":{"Dur\u00e9e de lecture estim\u00e9e":"2 minutes"},"schema":{"@context":"https:\/\/schema.org","@graph":[{"@type":"WebPage","@id":"https:\/\/limousin-business.fr\/index.php\/gestion\/","url":"https:\/\/limousin-business.fr\/index.php\/gestion\/","name":"Formations - Limousin Business +","isPartOf":{"@id":"https:\/\/limousin-business.fr\/#website"},"primaryImageOfPage":{"@id":"https:\/\/limousin-business.fr\/index.php\/gestion\/#primaryimage"},"image":{"@id":"https:\/\/limousin-business.fr\/index.php\/gestion\/#primaryimage"},"thumbnailUrl":"https:\/\/limousin-business.fr\/wp-content\/uploads\/2019\/06\/gestion.jpg","datePublished":"2019-06-19T13:40:03+00:00","dateModified":"2019-07-11T20:24:16+00:00","breadcrumb":{"@id":"https:\/\/limousin-business.fr\/index.php\/gestion\/#breadcrumb"},"inLanguage":"fr-FR","potentialAction":[{"@type":"ReadAction","target":["https:\/\/limousin-business.fr\/index.php\/gestion\/"]}]},{"@type":"ImageObject","inLanguage":"fr-FR","@id":"https:\/\/limousin-business.fr\/index.php\/gestion\/#primaryimage","url":"https:\/\/limousin-business.fr\/wp-content\/uploads\/2019\/06\/gestion.jpg","contentUrl":"https:\/\/limousin-business.fr\/wp-content\/uploads\/2019\/06\/gestion.jpg","width":1920,"height":1285},{"@type":"BreadcrumbList","@id":"https:\/\/limousin-business.fr\/index.php\/gestion\/#breadcrumb","itemListElement":[{"@type":"ListItem","position":1,"name":"Accueil","item":"https:\/\/limousin-business.fr\/"},{"@type":"ListItem","position":2,"name":"Formations"}]},{"@type":"WebSite","@id":"https:\/\/limousin-business.fr\/#website","url":"https:\/\/limousin-business.fr\/","name":"Limousin Business +","description":" Pour Avoir +, \u00catre +, Faire +","publisher":{"@id":"https:\/\/limousin-business.fr\/#organization"},"potentialAction":[{"@type":"SearchAction","target":{"@type":"EntryPoint","urlTemplate":"https:\/\/limousin-business.fr\/?s={search_term_string}"},"query-input":{"@type":"PropertyValueSpecification","valueRequired":true,"valueName":"search_term_string"}}],"inLanguage":"fr-FR"},{"@type":"Organization","@id":"https:\/\/limousin-business.fr\/#organization","name":"Limousin Business +","url":"https:\/\/limousin-business.fr\/","logo":{"@type":"ImageObject","inLanguage":"fr-FR","@id":"https:\/\/limousin-business.fr\/#\/schema\/logo\/image\/","url":"https:\/\/limousin-business.fr\/wp-content\/uploads\/2019\/07\/cropped-logolimousinbusinessvecto-1.jpg","contentUrl":"https:\/\/limousin-business.fr\/wp-content\/uploads\/2019\/07\/cropped-logolimousinbusinessvecto-1.jpg","width":824,"height":468,"caption":"Limousin Business +"},"image":{"@id":"https:\/\/limousin-business.fr\/#\/schema\/logo\/image\/"},"sameAs":["https:\/\/www.facebook.com\/JeromeDebord87"]}]}},"_links":{"self":[{"href":"https:\/\/limousin-business.fr\/index.php\/wp-json\/wp\/v2\/pages\/28","targetHints":{"allow":["GET"]}}],"collection":[{"href":"https:\/\/limousin-business.fr\/index.php\/wp-json\/wp\/v2\/pages"}],"about":[{"href":"https:\/\/limousin-business.fr\/index.php\/wp-json\/wp\/v2\/types\/page"}],"author":[{"embeddable":true,"href":"https:\/\/limousin-business.fr\/index.php\/wp-json\/wp\/v2\/users\/1"}],"replies":[{"embeddable":true,"href":"https:\/\/limousin-business.fr\/index.php\/wp-json\/wp\/v2\/comments?post=28"}],"version-history":[{"count":13,"href":"https:\/\/limousin-business.fr\/index.php\/wp-json\/wp\/v2\/pages\/28\/revisions"}],"predecessor-version":[{"id":351,"href":"https:\/\/limousin-business.fr\/index.php\/wp-json\/wp\/v2\/pages\/28\/revisions\/351"}],"wp:featuredmedia":[{"embeddable":true,"href":"https:\/\/limousin-business.fr\/index.php\/wp-json\/wp\/v2\/media\/48"}],"wp:attachment":[{"href":"https:\/\/limousin-business.fr\/index.php\/wp-json\/wp\/v2\/media?parent=28"}],"curies":[{"name":"wp","href":"https:\/\/api.w.org\/{rel}","templated":true}]}}